{"id":2,"date":"2006-01-17T20:09:21","date_gmt":"2006-01-17T18:09:21","guid":{"rendered":""},"modified":"2006-04-27T20:21:56","modified_gmt":"2006-04-27T18:21:56","slug":"about","status":"publish","type":"page","link":"https:\/\/ueliraz.ch\/WordPress\/?page_id=2","title":{"rendered":"\u00dcber Scribble&#8217;s Disco 3"},"content":{"rendered":"<p><a title=\"Scribble's Disco 1\" href=\"http:\/\/www.ueliraz.ch\/scribbleserrance\/index.html\">Scribble&#8217;s Disco 1<\/a> ist die Vorg\u00e4ngering, dauerte von August 2005 bis M\u00e4rz 2006 und ist jetzt geschlossen.<\/p>\n<p><a title=\"Maunzi Dong\" href=\"http:\/\/maunzidong.blogspot.com\/\">Scribble&#8217;s Disco 2<\/a> hat Maunzi \u00fcbernommen, auf Blogspotcom; ab und zu wird dort etwas geschrieben. Es gibt noch\u00a0weitere Blogs dort, die vor allem den\u00a0Zweck haben, mit dem Design zu spielen.<\/p>\n<p>Da WordPress das Autorenprofil nicht kennt, gebe ich drei solche Profile von Blogspotcom an, die alle vom selben stammen, <a title=\"Bio Ueli Raz\" href=\"http:\/\/www.ueliraz.ch\/biographie\/index.htm\">Ueli Raz<\/a>:<\/p>\n<table id=\"table1\" width=\"465\" border=\"0\">\n<tr>\n<td style=\"width: 200px\" valign=\"top\">\n<h3 align=\"left\"><a title=\"Profil ur\" href=\"http:\/\/www.blogger.com\/profile\/15572444\">ur<\/a><\/h3>\n<p align=\"left\"><img decoding=\"async\" alt=\"ur\" src=\"http:\/\/www.ueliraz.ch\/ueli-raz.jpg\" \/><\/p>\n<p align=\"left\"><strong>Standort:<\/strong> <a href=\"http:\/\/www.blogger.com\/profile-find.g?t=l&#038;loc0=CH&#038;loc1=Bern&#038;loc2=B%C3%BCmpliz\">B\u00fcmpliz<\/a> : <a href=\"http:\/\/www.blogger.com\/profile-find.g?t=l&#038;loc0=CH&#038;loc1=Bern\">Bern<\/a> : <a href=\"http:\/\/www.blogger.com\/profile-find.g?t=l&#038;loc0=CH\">Switzerland<\/a><\/p>\n<h3 align=\"left\">\u00dcber mich<\/h3>\n<p align=\"left\"><a href=\"http:\/\/www.ueliraz.ch\/biographie\/shoulder.htm\">Gut auf Trab mit dem Bein im Arm<\/a> und<br \/>\n<a href=\"http:\/\/www.ueliraz.ch\/2005\/\">dem Auge Minoltas unterm Hals<\/a><\/p>\n<h3 align=\"left\">Interessen<\/h3>\n<p align=\"left\"><a style=\"font-weight: normal\" href=\"http:\/\/www.blogger.com\/profile-find.g?t=i&#038;q=Montagnes\">Montagnes<\/a> <a style=\"font-weight: normal\" href=\"http:\/\/www.blogger.com\/profile-find.g?t=i&#038;q=Ollier%27s+Disease\">Ollier&#8217;s Disease<\/a> <a style=\"font-weight: normal\" href=\"http:\/\/www.blogger.com\/profile-find.g?t=i&#038;q=Enchondromatose\">Enchondromatose<\/a> <a style=\"font-weight: normal\" href=\"http:\/\/www.blogger.com\/profile-find.g?t=i&#038;q=Stille\">Stille<\/a><a style=\"font-weight: normal\" href=\"http:\/\/www.blogger.com\/profile-find.g?t=i&#038;q=Morbus+Ollier\"> Morbus Ollier<\/a> <a style=\"font-weight: normal\" href=\"http:\/\/www.blogger.com\/profile-find.g?t=i&#038;q=Dole\">Dole<\/a> <a style=\"font-weight: normal\" href=\"http:\/\/www.blogger.com\/profile-find.g?t=i&#038;q=Pinot+Noir\">Pinot Noir<\/a> <a style=\"font-weight: normal\" href=\"http:\/\/www.blogger.com\/profile-find.g?t=i&#038;q=Anarchie\">Anarchie<\/a> <a style=\"font-weight: normal\" href=\"http:\/\/www.blogger.com\/profile-find.g?t=i&#038;q=Falschheit\">Falschheit<\/a> <a style=\"font-weight: normal\" href=\"http:\/\/www.blogger.com\/profile-find.g?t=i&#038;q=Gesellschaftliches+Leid\">Gesellschaftliches Leid<\/a> <a style=\"font-weight: normal\" href=\"http:\/\/www.blogger.com\/profile-find.g?t=i&#038;q=K%C3%B6rperliches+Leid\">K\u00f6rperliches Leid<\/a> <a style=\"font-weight: normal\" href=\"http:\/\/www.blogger.com\/profile-find.g?t=i&#038;q=Psychisches+Leid\">Psychisches Leid<\/a><\/p>\n<h3 align=\"left\">Lieblingsfilme<\/h3>\n<p align=\"left\"><a style=\"font-weight: normal\" href=\"http:\/\/www.blogger.com\/profile-find.g?t=m&#038;q=Alien\">Alien<\/a> <a style=\"font-weight: normal\" href=\"http:\/\/www.blogger.com\/profile-find.g?t=m&#038;q=Geheimnis+Zugv%C3%B6gel\">Geheimnis Zugv\u00f6gel<\/a> <a style=\"font-weight: normal\" href=\"http:\/\/www.blogger.com\/profile-find.g?t=m&#038;q=Jeu+avec+le+Feu\">Jeu avec le Feu<\/a><\/p>\n<h3 align=\"left\">Lieblingsmusik<\/h3>\n<p align=\"left\"><a style=\"font-weight: normal\" href=\"http:\/\/www.blogger.com\/profile-find.g?t=s&#038;q=Edgard+Var%C3%A8se\">Edgard Var\u00e8se<\/a> <a style=\"font-weight: normal\" href=\"http:\/\/www.blogger.com\/profile-find.g?t=s&#038;q=Pierre+Boulez\">Pierre Boulez<\/a> <a style=\"font-weight: normal\" href=\"http:\/\/www.blogger.com\/profile-find.g?t=s&#038;q=John+Cage\">John Cage<\/a> <a style=\"font-weight: normal\" href=\"http:\/\/www.blogger.com\/profile-find.g?t=s&#038;q=Don+Van+Vliet\">Don Van Vliet<\/a> <a style=\"font-weight: normal\" href=\"http:\/\/www.blogger.com\/profile-find.g?t=s&#038;q=Luigi+Nono\">Luigi Nono<\/a> <a style=\"font-weight: normal\" href=\"http:\/\/www.blogger.com\/profile-find.g?t=s&#038;q=Anton+Webern\">Anton Webern<\/a> <a style=\"font-weight: normal\" href=\"http:\/\/www.blogger.com\/profile-find.g?t=s&#038;q=Alban+Berg\">Alban Berg<\/a> <a style=\"font-weight: normal\" href=\"http:\/\/www.blogger.com\/profile-find.g?t=s&#038;q=Arnold+Sch%C3%B6nberg\">Arnold Sch\u00f6nberg<\/a>\u00a0<a style=\"font-weight: normal\" href=\"http:\/\/www.blogger.com\/profile-find.g?t=s&#038;q=Richard+Wagner\">Richard Wagner<\/a> <a style=\"font-weight: normal\" href=\"http:\/\/www.blogger.com\/profile-find.g?t=s&#038;q=Claudio+Monteverdi\">Claudio Monteverdi<\/a> <a style=\"font-weight: normal\" href=\"http:\/\/www.blogger.com\/profile-find.g?t=s&#038;q=Jimi+Hendrix\">Jimi Hendrix<\/a>\u00a0<a style=\"font-weight: normal\" href=\"http:\/\/www.blogger.com\/profile-find.g?t=s&#038;q=Frank+Zappa\">Frank Zappa<\/a> <a style=\"font-weight: normal\" href=\"http:\/\/www.blogger.com\/profile-find.g?t=s&#038;q=Luciano+Berio\">Luciano Berio<\/a> <a style=\"font-weight: normal\" href=\"http:\/\/www.blogger.com\/profile-find.g?t=s&#038;q=Olga+Neuwirth\">Olga Neuwirth<\/a> <a style=\"font-weight: normal\" href=\"http:\/\/www.blogger.com\/profile-find.g?t=s&#038;q=Claude+Debussy\">Claude Debussy<\/a> <a style=\"font-weight: normal\" href=\"http:\/\/www.blogger.com\/profile-find.g?t=s&#038;q=Maurice+Ravel\">Maurice Ravel<\/a> <a style=\"font-weight: normal\" href=\"http:\/\/www.blogger.com\/profile-find.g?t=s&#038;q=Gustav+Mahler\">Gustav Mahler<\/a> <a style=\"font-weight: normal\" href=\"http:\/\/www.blogger.com\/profile-find.g?t=s&#038;q=Sacre+du+Printemps\">Sacre du Printemps<\/a><\/p>\n<h3 align=\"left\">Lieblingsb\u00fccher<\/h3>\n<p align=\"left\"><a style=\"font-weight: normal\" href=\"http:\/\/www.blogger.com\/profile-find.g?t=b&#038;q=Theodor+Adorno\">Theodor Adorno<\/a> <a style=\"font-weight: normal\" href=\"http:\/\/www.blogger.com\/profile-find.g?t=b&#038;q=Arno+Schmidt\">Arno Schmidt<\/a> <a style=\"font-weight: normal\" href=\"http:\/\/www.blogger.com\/profile-find.g?t=b&#038;q=Marx\">Marx<\/a> <a style=\"font-weight: normal\" href=\"http:\/\/www.blogger.com\/profile-find.g?t=b&#038;q=Freud\">Freud<\/a> <a style=\"font-weight: normal\" href=\"http:\/\/www.blogger.com\/profile-find.g?t=b&#038;q=James+Joyce\">James Joyce<\/a> <a style=\"font-weight: normal\" href=\"http:\/\/www.blogger.com\/profile-find.g?t=b&#038;q=Philip+Roth\">Philip Roth<\/a>\u00a0<a style=\"font-weight: normal\" href=\"http:\/\/www.blogger.com\/profile-find.g?t=b&#038;q=John+Updike\">John Updike<\/a> <a style=\"font-weight: normal\" href=\"http:\/\/www.blogger.com\/profile-find.g?t=b&#038;q=Jacques+Derrida\">Jacques Derrida<\/a> <a style=\"font-weight: normal\" href=\"http:\/\/www.blogger.com\/profile-find.g?t=b&#038;q=Hubertus+Busche\">Hubertus Busche<\/a> <a style=\"font-weight: normal\" href=\"http:\/\/www.blogger.com\/profile-find.g?t=b&#038;q=Anti-Oedipus\">Anti-Oedipus<\/a><\/p>\n<\/td>\n<td style=\"width: 200px\" valign=\"top\">\n<h3 align=\"left\"><a title=\"Profil lala\" href=\"http:\/\/www.blogger.com\/profile\/18354640\">lala<\/a><\/h3>\n<p align=\"left\">\u00a0 <img decoding=\"async\" alt=\"lala\" src=\"http:\/\/www.ueliraz.ch\/susanne.gif\" \/><\/p>\n<p align=\"left\"><strong>Standort:<\/strong> <a href=\"http:\/\/www.blogger.com\/profile-find.g?t=l&#038;loc0=CH&#038;loc1=Anniviers+%2F+Valais&#038;loc2=Combavert+du+Touno\">Combavert du Touno<\/a> : <a href=\"http:\/\/www.blogger.com\/profile-find.g?t=l&#038;loc0=CH&#038;loc1=Anniviers+%2F+Valais\">Anniviers \/ Valais<\/a> : <a href=\"http:\/\/www.blogger.com\/profile-find.g?t=l&#038;loc0=CH\">Switzerland<\/a><\/p>\n<h3 align=\"left\">\u00dcber mich<\/h3>\n<p align=\"left\">Spazieren mit Sicht auf alle Grate.<\/p>\n<h3 align=\"left\">Interessen<\/h3>\n<p align=\"left\"><a style=\"font-weight: normal\" href=\"http:\/\/www.blogger.com\/profile-find.g?t=i&#038;q=Boulez\">Boulez<\/a> <a style=\"font-weight: normal\" href=\"http:\/\/www.blogger.com\/profile-find.g?t=i&#038;q=Bourdieu\">Bourdieu<\/a> <a style=\"font-weight: normal\" href=\"http:\/\/www.blogger.com\/profile-find.g?t=i&#038;q=Achternbusch\">Achternbusch<\/a> <a style=\"font-weight: normal\" href=\"http:\/\/www.blogger.com\/profile-find.g?t=i&#038;q=Foucault\">Foucault<\/a>\u00a0<a style=\"font-weight: normal\" href=\"http:\/\/www.blogger.com\/profile-find.g?t=i&#038;q=Leibniz\">Leibniz<\/a> <a style=\"font-weight: normal\" href=\"http:\/\/www.blogger.com\/profile-find.g?t=i&#038;q=Deleuze\">Deleuze<\/a> <a style=\"font-weight: normal\" href=\"http:\/\/www.blogger.com\/profile-find.g?t=i&#038;q=Benjamin\">Benjamin<\/a> <a style=\"font-weight: normal\" href=\"http:\/\/www.blogger.com\/profile-find.g?t=i&#038;q=Sartre\">Sartre<\/a> <a style=\"font-weight: normal\" href=\"http:\/\/www.blogger.com\/profile-find.g?t=i&#038;q=Adorno\">Adorno<\/a> <a style=\"font-weight: normal\" href=\"http:\/\/www.blogger.com\/profile-find.g?t=i&#038;q=Gletschersoziologie\">Gletschersoziologie<\/a> <a style=\"font-weight: normal\" href=\"http:\/\/www.blogger.com\/profile-find.g?t=i&#038;q=Prometeo+%28Tragedia+dell%27ascolto%29\">Prometeo (Tragedia dell&#8217;ascolto)<\/a><\/p>\n<h3 align=\"left\">Lieblingsfilme<\/h3>\n<p align=\"left\"><a style=\"font-weight: normal\" href=\"http:\/\/www.blogger.com\/profile-find.g?t=m&#038;q=William+Turner\">William Turner<\/a> <a style=\"font-weight: normal\" href=\"http:\/\/www.blogger.com\/profile-find.g?t=m&#038;q=Mark+Tansey\">Mark Tansey<\/a> <a style=\"font-weight: normal\" href=\"http:\/\/www.blogger.com\/profile-find.g?t=m&#038;q=Mark+Rothko\">Mark Rothko<\/a> <a style=\"font-weight: normal\" href=\"http:\/\/www.blogger.com\/profile-find.g?t=m&#038;q=Edi+Dill\">Edi Dill<\/a> <a style=\"font-weight: normal\" href=\"http:\/\/www.blogger.com\/profile-find.g?t=m&#038;q=Triny+Fl%C3%BCckiger\">Triny Fl\u00fcckiger<\/a> <a style=\"font-weight: normal\" href=\"http:\/\/www.blogger.com\/profile-find.g?t=m&#038;q=La+lontanaza+nostalgica+utopica+futura\">La lontanaza nostalgica utopica futura<\/a> <a style=\"font-weight: normal\" href=\"http:\/\/www.blogger.com\/profile-find.g?t=m&#038;q=Trout+Mask+Replica\">Trout Mask Replica<\/a> <a style=\"font-weight: normal\" href=\"http:\/\/www.blogger.com\/profile-find.g?t=m&#038;q=Pli+selon+pli\">Pli selon pli<\/a> <a style=\"font-weight: normal\" href=\"http:\/\/www.blogger.com\/profile-find.g?t=m&#038;q=B%C3%A4hlamms+Fest\">B\u00e4hlamms Fest<\/a> <a style=\"font-weight: normal\" href=\"http:\/\/www.blogger.com\/profile-find.g?t=m&#038;q=Am%C3%A9riques\">Am\u00e9riques<\/a> <a style=\"font-weight: normal\" href=\"http:\/\/www.blogger.com\/profile-find.g?t=m&#038;q=Jimi+Hendrix\">Jimi Hendrix<\/a><\/p>\n<h3 align=\"left\">Lieblingsmusik<\/h3>\n<p align=\"left\"><a style=\"font-weight: normal\" href=\"http:\/\/www.blogger.com\/profile-find.g?t=s&#038;q=Le+Soleil+des+Eaux\">Le Soleil des Eaux<\/a> <a style=\"font-weight: normal\" href=\"http:\/\/www.blogger.com\/profile-find.g?t=s&#038;q=200+Motels\">200 Motels<\/a> <a style=\"font-weight: normal\" href=\"http:\/\/www.blogger.com\/profile-find.g?t=s&#038;q=Billy+The+Mountain\">Billy The Mountain<\/a> <a style=\"font-weight: normal\" href=\"http:\/\/www.blogger.com\/profile-find.g?t=s&#038;q=Roaratorio\">Roaratorio<\/a> <a style=\"font-weight: normal\" href=\"http:\/\/www.blogger.com\/profile-find.g?t=s&#038;q=Incoronazione+di+Poppea\">Incoronazione di Poppea<\/a> <a style=\"font-weight: normal\" href=\"http:\/\/www.blogger.com\/profile-find.g?t=s&#038;q=No+hay+caminos+hay+que+camina...\">No hay caminos hay que camina&#8230;<\/a> <a style=\"font-weight: normal\" href=\"http:\/\/www.blogger.com\/profile-find.g?t=s&#038;q=Momente\">Momente<\/a> <a style=\"font-weight: normal\" href=\"http:\/\/www.blogger.com\/profile-find.g?t=s&#038;q=Demetrio+Stratos\">Demetrio Stratos<\/a> <a style=\"font-weight: normal\" href=\"http:\/\/www.blogger.com\/profile-find.g?t=s&#038;q=Boris+Godunow\">Boris Godunow<\/a> <a style=\"font-weight: normal\" href=\"http:\/\/www.blogger.com\/profile-find.g?t=s&#038;q=Iwan+der+Schreckliche\">Iwan der Schreckliche<\/a> <a style=\"font-weight: normal\" href=\"http:\/\/www.blogger.com\/profile-find.g?t=s&#038;q=A+Pierre+%28Dell%27azzurro+silezio+inquietum%29\">A Pierre (Dell&#8217;azzurro silezio inquietum)<\/a> <a style=\"font-weight: normal\" href=\"http:\/\/www.blogger.com\/profile-find.g?t=s&#038;q=Thick+as+a+Brick\">Thick as a Brick<\/a> <a style=\"font-weight: normal\" href=\"http:\/\/www.blogger.com\/profile-find.g?t=s&#038;q=Apostrophe\">Apostrophe<\/a> <a style=\"font-weight: normal\" href=\"http:\/\/www.blogger.com\/profile-find.g?t=s&#038;q=Freak+Out\">Freak Out<\/a> <a style=\"font-weight: normal\" href=\"http:\/\/www.blogger.com\/profile-find.g?t=s&#038;q=We%27re+Only+in+it+for+the+Money\">We&#8217;re Only in it for the Money<\/a> <a style=\"font-weight: normal\" href=\"http:\/\/www.blogger.com\/profile-find.g?t=s&#038;q=Fragmente+-+Stille+%28An+Diotima%29\">Fragmente &#8211; Stille (An Diotima)<\/a> <a style=\"font-weight: normal\" href=\"http:\/\/www.blogger.com\/profile-find.g?t=s&#038;q=Grand+Wazoo\">Grand Wazoo<\/a> <a style=\"font-weight: normal\" href=\"http:\/\/www.blogger.com\/profile-find.g?t=s&#038;q=Lulu\">Lulu<\/a> <a style=\"font-weight: normal\" href=\"http:\/\/www.blogger.com\/profile-find.g?t=s&#038;q=Lene+Lovich\">Lene Lovich<\/a> <a style=\"font-weight: normal\" href=\"http:\/\/www.blogger.com\/profile-find.g?t=s&#038;q=Cheepnis\">Cheepnis<\/a><\/p>\n<h3 align=\"left\">Lieblingsb\u00fccher<\/h3>\n<p align=\"left\"><a style=\"font-weight: normal\" href=\"http:\/\/www.blogger.com\/profile-find.g?t=b&#038;q=Abend+mit+Goldrand\">Abend mit Goldrand<\/a> <a style=\"font-weight: normal\" href=\"http:\/\/www.blogger.com\/profile-find.g?t=b&#038;q=Julia\">Julia<\/a> <a style=\"font-weight: normal\" href=\"http:\/\/www.blogger.com\/profile-find.g?t=b&#038;q=Kritik+der+Urteilskraft\">Kritik der Urteilskraft<\/a> <a style=\"font-weight: normal\" href=\"http:\/\/www.blogger.com\/profile-find.g?t=b&#038;q=Ph%C3%A4nomenologie+des+Geistes\">Ph\u00e4nomenologie des Geistes<\/a> <a style=\"font-weight: normal\" href=\"http:\/\/www.blogger.com\/profile-find.g?t=b&#038;q=Schule+der+Atheisten\">Schule der Atheisten<\/a> <a style=\"font-weight: normal\" href=\"http:\/\/www.blogger.com\/profile-find.g?t=b&#038;q=Kaff+-+auch+Mare+Crisium\">Kaff &#8211; auch Mare Crisium<\/a> <a style=\"font-weight: normal\" href=\"http:\/\/www.blogger.com\/profile-find.g?t=b&#038;q=Philosophie+der+neuen+Musik\">Philosophie der neuen Musik<\/a><\/p>\n<\/td>\n<td style=\"width: 200px\" valign=\"top\">\n<h3 align=\"left\"><a title=\"Profil maunzi\" href=\"http:\/\/www.blogger.com\/profile\/18242444\">maunzidong<\/a><\/h3>\n<p align=\"left\">\u00a0 <img decoding=\"async\" alt=\"maunzi\" src=\"http:\/\/www.ueliraz.ch\/maunzerli.jpg\" \/><\/p>\n<p align=\"left\"><strong>Standort:<\/strong> <a href=\"http:\/\/www.blogger.com\/profile-find.g?t=l&#038;loc0=CH&#038;loc1=Tsa+du+Touno%2C+Valais&#038;loc2=Vijivi\">Vijivi<\/a> : <a href=\"http:\/\/www.blogger.com\/profile-find.g?t=l&#038;loc0=CH&#038;loc1=Tsa+du+Touno%2C+Valais\">Tsa du Touno, Valais<\/a> : <a href=\"http:\/\/www.blogger.com\/profile-find.g?t=l&#038;loc0=CH\">Switzerland<\/a><\/p>\n<h3 align=\"left\">Interessen<\/h3>\n<p align=\"left\"><a style=\"font-weight: normal\" href=\"http:\/\/www.blogger.com\/profile-find.g?t=i&#038;q=Enchondromatosis\">Enchondromatosis<\/a> <a style=\"font-weight: normal\" href=\"http:\/\/www.blogger.com\/profile-find.g?t=i&#038;q=Butschi+Butschi\">Butschi Butschi<\/a> <a style=\"font-weight: normal\" href=\"http:\/\/www.blogger.com\/profile-find.g?t=i&#038;q=Ella+Guru\">Ella Guru<\/a><\/p>\n<h3 align=\"left\">Lieblingsfilme<\/h3>\n<p align=\"left\"><a style=\"font-weight: normal\" href=\"http:\/\/www.blogger.com\/profile-find.g?t=m&#038;q=Peefeeyatko\">Peefeeyatko<\/a> <a style=\"font-weight: normal\" href=\"http:\/\/www.blogger.com\/profile-find.g?t=m&#038;q=Uncle+Meat\">Uncle Meat<\/a> <a style=\"font-weight: normal\" href=\"http:\/\/www.blogger.com\/profile-find.g?t=m&#038;q=200+Motels\">200 Motels<\/a><\/p>\n<h3 align=\"left\">Lieblingsmusik<\/h3>\n<p align=\"left\"><a style=\"font-weight: normal\" href=\"http:\/\/www.blogger.com\/profile-find.g?t=s&#038;q=Marteau+sans+Maitre\">Marteau sans Maitre<\/a> <a style=\"font-weight: normal\" href=\"http:\/\/www.blogger.com\/profile-find.g?t=s&#038;q=Zweite+Sonate\">Zweite Sonate<\/a> <a style=\"font-weight: normal\" href=\"http:\/\/www.blogger.com\/profile-find.g?t=s&#038;q=R%C3%A9pons\">R\u00e9pons<\/a> <a style=\"font-weight: normal\" href=\"http:\/\/www.blogger.com\/profile-find.g?t=s&#038;q=Le+Soleil+des+Eaux\">Le Soleil des Eaux<\/a> <a style=\"font-weight: normal\" href=\"http:\/\/www.blogger.com\/profile-find.g?t=s&#038;q=Am%C3%A9riques\">Am\u00e9riques<\/a> <a style=\"font-weight: normal\" href=\"http:\/\/www.blogger.com\/profile-find.g?t=s&#038;q=Arcana\">Arcana<\/a> <a style=\"font-weight: normal\" href=\"http:\/\/www.blogger.com\/profile-find.g?t=s&#038;q=Call+any+Vegetable\">Call any Vegetable<\/a> <a style=\"font-weight: normal\" href=\"http:\/\/www.blogger.com\/profile-find.g?t=s&#038;q=Zig+Zag+Wanderer\">Zig Zag Wanderer<\/a> <a style=\"font-weight: normal\" href=\"http:\/\/www.blogger.com\/profile-find.g?t=s&#038;q=Der+Ring+des+Nibelungen\">Der Ring des Nibelungen<\/a> <a style=\"font-weight: normal\" href=\"http:\/\/www.blogger.com\/profile-find.g?t=s&#038;q=Lulu\">Lulu<\/a> <a style=\"font-weight: normal\" href=\"http:\/\/www.blogger.com\/profile-find.g?t=s&#038;q=Gruppen\">Gruppen<\/a> <a style=\"font-weight: normal\" href=\"http:\/\/www.blogger.com\/profile-find.g?t=s&#038;q=Mantra\">Mantra<\/a> <a style=\"font-weight: normal\" href=\"http:\/\/www.blogger.com\/profile-find.g?t=s&#038;q=Klavierst%C3%BCcke+%28Stockhausen%29\">Klavierst\u00fccke (Stockhausen)<\/a> <a style=\"font-weight: normal\" href=\"http:\/\/www.blogger.com\/profile-find.g?t=s&#038;q=Bat+Chain+Puller\">Bat Chain Puller<\/a> <a style=\"font-weight: normal\" href=\"http:\/\/www.blogger.com\/profile-find.g?t=s&#038;q=Sue+Egypt\">Sue Egypt<\/a> <a style=\"font-weight: normal\" href=\"http:\/\/www.blogger.com\/profile-find.g?t=s&#038;q=Blabber%27n+Smoke\">Blabber&#8217;n Smoke<\/a> <a style=\"font-weight: normal\" href=\"http:\/\/www.blogger.com\/profile-find.g?t=s&#038;q=Sun+Zoom+Spark\">Sun Zoom Spark<\/a><\/p>\n<h3 align=\"left\">Lieblingsb\u00fccher<\/h3>\n<p align=\"left\"><a style=\"font-weight: normal\" href=\"http:\/\/www.blogger.com\/profile-find.g?t=b&#038;q=Dialektik+der+Aufkl%C3%A4rung\">Dialektik der Aufkl\u00e4rung<\/a> <a style=\"font-weight: normal\" href=\"http:\/\/www.blogger.com\/profile-find.g?t=b&#038;q=Negative+Dialektik\">Negative Dialektik<\/a> <a style=\"font-weight: normal\" href=\"http:\/\/www.blogger.com\/profile-find.g?t=b&#038;q=Grammatologie\">Grammatologie<\/a> <a style=\"font-weight: normal\" href=\"http:\/\/www.blogger.com\/profile-find.g?t=b&#038;q=Die+Schrift+und+die+Differenz\">Die Schrift und die Differenz<\/a> <a style=\"font-weight: normal\" href=\"http:\/\/www.blogger.com\/profile-find.g?t=b&#038;q=Ph%C3%A4nomenologie+des+Geistes\">Ph\u00e4nomenologie des Geistes<\/a> <a style=\"font-weight: normal\" href=\"http:\/\/www.blogger.com\/profile-find.g?t=b&#038;q=Zettels+Traum\">Zettels Traum<\/a> <a style=\"font-weight: normal\" href=\"http:\/\/www.blogger.com\/profile-find.g?t=b&#038;q=Finnegans+Wake\">Finnegans Wake<\/a> <a style=\"font-weight: normal\" href=\"http:\/\/www.blogger.com\/profile-find.g?t=b&#038;q=Kritik+der+reinen+Vernunft\">Kritik der reinen Vernunft<\/a><\/p>\n<\/td>\n<\/tr>\n<\/table>\n<p>\u00a0<\/p>\n<p>Die e-mail-Adresse findet sich <a title=\"Mail\" href=\"http:\/\/www.ueliraz.ch\/mailadress.htm\">hier<\/a>.\u00a0<\/p>\n","protected":false},"excerpt":{"rendered":"<p>Scribble&#8217;s Disco 1 ist die Vorg\u00e4ngering, dauerte von August 2005 bis M\u00e4rz 2006 und ist jetzt geschlossen. Scribble&#8217;s Disco 2 hat Maunzi \u00fcbernommen, auf Blogspotcom; ab und zu wird dort etwas geschrieben. Es gibt noch\u00a0weitere Blogs dort, die vor allem den\u00a0Zweck haben, mit dem Design zu spielen. Da WordPress das Autorenprofil nicht kennt, gebe ich [&hellip;]<\/p>\n","protected":false},"author":2,"featured_media":0,"parent":0,"menu_order":0,"comment_status":"open","ping_status":"open","template":"","meta":[],"_links":{"self":[{"href":"https:\/\/ueliraz.ch\/WordPress\/index.php?rest_route=\/wp\/v2\/pages\/2"}],"collection":[{"href":"https:\/\/ueliraz.ch\/WordPress\/index.php?rest_route=\/wp\/v2\/pages"}],"about":[{"href":"https:\/\/ueliraz.ch\/WordPress\/index.php?rest_route=\/wp\/v2\/types\/page"}],"author":[{"embeddable":true,"href":"https:\/\/ueliraz.ch\/WordPress\/index.php?rest_route=\/wp\/v2\/users\/2"}],"replies":[{"embeddable":true,"href":"https:\/\/ueliraz.ch\/WordPress\/index.php?rest_route=%2Fwp%2Fv2%2Fcomments&post=2"}],"version-history":[{"count":0,"href":"https:\/\/ueliraz.ch\/WordPress\/index.php?rest_route=\/wp\/v2\/pages\/2\/revisions"}],"wp:attachment":[{"href":"https:\/\/ueliraz.ch\/WordPress\/index.php?rest_route=%2Fwp%2Fv2%2Fmedia&parent=2"}],"curies":[{"name":"wp","href":"https:\/\/api.w.org\/{rel}","templated":true}]}}